{"id":463,"date":"2025-07-28T19:07:16","date_gmt":"2025-07-28T19:07:16","guid":{"rendered":"https:\/\/transfereivissa.com\/?page_id=463"},"modified":"2025-07-28T19:15:33","modified_gmt":"2025-07-28T19:15:33","slug":"aviso-legal","status":"publish","type":"page","link":"https:\/\/transfereivissa.com\/index.php\/aviso-legal\/","title":{"rendered":"Aviso Legal"},"content":{"rendered":"\t\t<div data-elementor-type=\"wp-page\" data-elementor-id=\"463\" class=\"elementor elementor-463\" data-elementor-post-type=\"page\">\n\t\t\t\t<div class=\"elementor-element elementor-element-15c0678 e-flex e-con-boxed e-con e-parent\" data-id=\"15c0678\" data-element_type=\"container\" data-settings=\"{&quot;background_background&quot;:&quot;classic&quot;}\">\n\t\t\t\t\t<div class=\"e-con-inner\">\n\t\t\t\t<div class=\"elementor-element elementor-element-e0a92ba elementor-widget elementor-widget-heading\" data-id=\"e0a92ba\" data-element_type=\"widget\" data-widget_type=\"heading.default\">\n\t\t\t\t\t<h1 class=\"elementor-heading-title elementor-size-default\">Aviso Legal<\/h1>\t\t\t\t<\/div>\n\t\t\t\t\t<\/div>\n\t\t\t\t<\/div>\n\t\t<div class=\"elementor-element elementor-element-4a93480 e-flex e-con-boxed e-con e-parent\" data-id=\"4a93480\" data-element_type=\"container\" data-settings=\"{&quot;background_background&quot;:&quot;classic&quot;}\">\n\t\t\t\t\t<div class=\"e-con-inner\">\n\t\t<div class=\"elementor-element elementor-element-581d737 e-con-full e-flex e-con e-child\" data-id=\"581d737\" data-element_type=\"container\">\n\t\t\t\t<div class=\"elementor-element elementor-element-c11c99a elementor-widget elementor-widget-heading\" data-id=\"c11c99a\" data-element_type=\"widget\" data-widget_type=\"heading.default\">\n\t\t\t\t\t<h2 class=\"elementor-heading-title elementor-size-default\">1. Identidad y Titularidad<\/h2>\t\t\t\t<\/div>\n\t\t\t\t<div class=\"elementor-element elementor-element-ec772ee elementor-widget elementor-widget-text-editor\" data-id=\"ec772ee\" data-element_type=\"widget\" data-widget_type=\"text-editor.default\">\n\t\t\t\t\t\t\t\t\t<span style=\"white-space-collapse: preserve;\">El presente aviso legal regula el acceso y la utilizaci\u00f3n del sitio web [Nombre del Sitio Web] (en adelante, \u201cel Sitio\u201d), cuya titularidad corresponde a:\n[Nombre de la Empresa \/ Aut\u00f3nomo]\nDomicilio: [Direcci\u00f3n completa]\nCIF\/NIF: [N\u00famero de identificaci\u00f3n]\nCorreo Electr\u00f3nico: [correo@ejemplo.com]\n\n<\/span>\t\t\t\t\t\t\t\t<\/div>\n\t\t\t\t<div class=\"elementor-element elementor-element-c52f97d elementor-widget elementor-widget-heading\" data-id=\"c52f97d\" data-element_type=\"widget\" data-widget_type=\"heading.default\">\n\t\t\t\t\t<h2 class=\"elementor-heading-title elementor-size-default\">2. Objeto<\/h2>\t\t\t\t<\/div>\n\t\t\t\t<div class=\"elementor-element elementor-element-254f881 elementor-widget elementor-widget-text-editor\" data-id=\"254f881\" data-element_type=\"widget\" data-widget_type=\"text-editor.default\">\n\t\t\t\t\t\t\t\t\t<span style=\"white-space-collapse: preserve;\">El Sitio tiene como finalidad ofrecer informaci\u00f3n y servicios relacionados con [describir brevemente la actividad o sector]. Por tanto, los usuarios se comprometen a utilizar el Sitio, en exclusiva, con fines l\u00edcitos y de acuerdo con la normativa vigente y lo estipulado en el presente Aviso Legal.<\/span>\t\t\t\t\t\t\t\t<\/div>\n\t\t\t\t<div class=\"elementor-element elementor-element-7729b12 elementor-widget elementor-widget-heading\" data-id=\"7729b12\" data-element_type=\"widget\" data-widget_type=\"heading.default\">\n\t\t\t\t\t<h2 class=\"elementor-heading-title elementor-size-default\">3. Propiedad Intelectual e Industrial<\/h2>\t\t\t\t<\/div>\n\t\t\t\t<div class=\"elementor-element elementor-element-f341db4 elementor-widget elementor-widget-text-editor\" data-id=\"f341db4\" data-element_type=\"widget\" data-widget_type=\"text-editor.default\">\n\t\t\t\t\t\t\t\t\t<span style=\"white-space-collapse: preserve;\">Todos los contenidos del Sitio, incluyendo pero no limitado a, textos, documentos, fotograf\u00edas, dibujos, representaciones gr\u00e1ficas, bases de datos, logotipos, marcas, nombres comerciales, y cualquier otro signo susceptible de utilizaci\u00f3n industrial y comercial, son titularidad de [Nombre de la Empresa \/ Aut\u00f3nomo] o de terceros que han autorizado su uso. Queda estrictamente prohibida la reproducci\u00f3n, distribuci\u00f3n, comunicaci\u00f3n p\u00fablica o transformaci\u00f3n de dichos contenidos sin la autorizaci\u00f3n previa y por escrito de sus respectivos propietarios.\n\n<\/span>\t\t\t\t\t\t\t\t<\/div>\n\t\t\t\t<div class=\"elementor-element elementor-element-43fddf8 elementor-widget elementor-widget-heading\" data-id=\"43fddf8\" data-element_type=\"widget\" data-widget_type=\"heading.default\">\n\t\t\t\t\t<h2 class=\"elementor-heading-title elementor-size-default\">4. Responsabilidad<\/h2>\t\t\t\t<\/div>\n\t\t\t\t<div class=\"elementor-element elementor-element-27bc7b2 elementor-widget elementor-widget-text-editor\" data-id=\"27bc7b2\" data-element_type=\"widget\" data-widget_type=\"text-editor.default\">\n\t\t\t\t\t\t\t\t\t<span style=\"white-space-collapse: preserve;\">[Nombre de la Empresa \/ Aut\u00f3nomo] no se hace responsable de los errores u omisiones, de los contenidos del Sitio o de otros contenidos a los que se pueda acceder a trav\u00e9s del mismo, ni de los da\u00f1os derivados del uso del Sitio, ni por cualquier actuaci\u00f3n realizada sobre la base de la informaci\u00f3n aqu\u00ed obtenida. Asimismo, no se responsabiliza de la correcta o incorrecta utilizaci\u00f3n o interpretaci\u00f3n de la informaci\u00f3n contenida en el Sitio por parte de los usuarios.<\/span>\n\t\t\t\t\t\t\t\t<\/div>\n\t\t\t\t<div class=\"elementor-element elementor-element-b01a6ba elementor-widget elementor-widget-heading\" data-id=\"b01a6ba\" data-element_type=\"widget\" data-widget_type=\"heading.default\">\n\t\t\t\t\t<h2 class=\"elementor-heading-title elementor-size-default\">5. Acceso y Disponibilidad<\/h2>\t\t\t\t<\/div>\n\t\t\t\t<div class=\"elementor-element elementor-element-e4f792e elementor-widget elementor-widget-text-editor\" data-id=\"e4f792e\" data-element_type=\"widget\" data-widget_type=\"text-editor.default\">\n\t\t\t\t\t\t\t\t\t<span style=\"white-space-collapse: preserve;\">[Nombre de la Empresa \/ Aut\u00f3nomo] se reserva el derecho a interrumpir, suspender, restringir, modificar o cancelar cualquier parte o la totalidad del Sitio, de manera temporal o definitiva, sin previo aviso. Asimismo, no se garantiza la correcta o ininterrumpida disponibilidad del Sitio, dado que puede verse comprometida por causas ajenas a la voluntad de su titular, tales como fallos en la conexi\u00f3n a Internet, problemas t\u00e9cnicos, mantenimientos o actualizaciones.\n\n<\/span>\t\t\t\t\t\t\t\t<\/div>\n\t\t\t\t<div class=\"elementor-element elementor-element-9da5d59 elementor-widget elementor-widget-heading\" data-id=\"9da5d59\" data-element_type=\"widget\" data-widget_type=\"heading.default\">\n\t\t\t\t\t<h2 class=\"elementor-heading-title elementor-size-default\">6. Protecci\u00f3n de Datos<\/h2>\t\t\t\t<\/div>\n\t\t\t\t<div class=\"elementor-element elementor-element-179db0d elementor-widget elementor-widget-text-editor\" data-id=\"179db0d\" data-element_type=\"widget\" data-widget_type=\"text-editor.default\">\n\t\t\t\t\t\t\t\t\t<span style=\"white-space-collapse: preserve;\">El acceso y uso del Sitio implica la aceptaci\u00f3n de nuestra Pol\u00edtica de Privacidad, en la que se recoge toda la informaci\u00f3n relativa al tratamiento de datos personales de los usuarios. Para consultar dichos t\u00e9rminos, por favor, pulse [enlace a la Pol\u00edtica de Privacidad].<\/span>\t\t\t\t\t\t\t\t<\/div>\n\t\t\t\t<div class=\"elementor-element elementor-element-a9d24e4 elementor-widget elementor-widget-heading\" data-id=\"a9d24e4\" data-element_type=\"widget\" data-widget_type=\"heading.default\">\n\t\t\t\t\t<h2 class=\"elementor-heading-title elementor-size-default\">7. Legislaci\u00f3n y Jurisdicci\u00f3n<\/h2>\t\t\t\t<\/div>\n\t\t\t\t<div class=\"elementor-element elementor-element-f74d689 elementor-widget elementor-widget-text-editor\" data-id=\"f74d689\" data-element_type=\"widget\" data-widget_type=\"text-editor.default\">\n\t\t\t\t\t\t\t\t\t<span style=\"white-space-collapse: preserve;\">El presente Aviso Legal se rige en todos y cada uno de sus extremos por la legislaci\u00f3n vigente en Espa\u00f1a. Para la resoluci\u00f3n de cualquier controversia o conflicto que pudiera derivarse del acceso o uso del Sitio, ser\u00e1 de aplicaci\u00f3n la jurisdicci\u00f3n de los Juzgados y Tribunales del domicilio del titular, salvo aquellos casos en los que la ley establezca otro fuero.<\/span>\n\t\t\t\t\t\t\t\t<\/div>\n\t\t\t\t<div class=\"elementor-element elementor-element-7ec7aa4 elementor-widget elementor-widget-heading\" data-id=\"7ec7aa4\" data-element_type=\"widget\" data-widget_type=\"heading.default\">\n\t\t\t\t\t<h2 class=\"elementor-heading-title elementor-size-default\">8. Modificaciones<\/h2>\t\t\t\t<\/div>\n\t\t\t\t<div class=\"elementor-element elementor-element-500b5bb elementor-widget elementor-widget-text-editor\" data-id=\"500b5bb\" data-element_type=\"widget\" data-widget_type=\"text-editor.default\">\n\t\t\t\t\t\t\t\t\t<span style=\"white-space-collapse: preserve;\">[Nombre de la Empresa \/ Aut\u00f3nomo] se reserva el derecho a modificar, actualizar o eliminar, en cualquier momento y sin previo aviso, el contenido de este Aviso Legal. Se recomienda a los usuarios consultar con regularidad la versi\u00f3n m\u00e1s reciente del Aviso Legal para estar al tanto de estas posibles modificaciones.\n<\/span>\t\t\t\t\t\t\t\t<\/div>\n\t\t\t\t<\/div>\n\t\t\t\t\t<\/div>\n\t\t\t\t<\/div>\n\t\t\t\t<\/div>\n\t\t","protected":false},"excerpt":{"rendered":"<p>Aviso Legal 1. Identidad y Titularidad El presente aviso legal regula el acceso y la utilizaci\u00f3n del sitio web [Nombre del Sitio Web] (en adelante, \u201cel Sitio\u201d), cuya titularidad corresponde a: [Nombre de la Empresa \/ Aut\u00f3nomo] Domicilio: [Direcci\u00f3n completa] CIF\/NIF: [N\u00famero de identificaci\u00f3n] Correo Electr\u00f3nico: [correo@ejemplo.com] 2. Objeto El Sitio tiene como finalidad ofrecer [&hellip;]<\/p>\n","protected":false},"author":1,"featured_media":0,"parent":0,"menu_order":0,"comment_status":"closed","ping_status":"closed","template":"","meta":{"footnotes":""},"class_list":["post-463","page","type-page","status-publish","hentry"],"_links":{"self":[{"href":"https:\/\/transfereivissa.com\/index.php\/wp-json\/wp\/v2\/pages\/463","targetHints":{"allow":["GET"]}}],"collection":[{"href":"https:\/\/transfereivissa.com\/index.php\/wp-json\/wp\/v2\/pages"}],"about":[{"href":"https:\/\/transfereivissa.com\/index.php\/wp-json\/wp\/v2\/types\/page"}],"author":[{"embeddable":true,"href":"https:\/\/transfereivissa.com\/index.php\/wp-json\/wp\/v2\/users\/1"}],"replies":[{"embeddable":true,"href":"https:\/\/transfereivissa.com\/index.php\/wp-json\/wp\/v2\/comments?post=463"}],"version-history":[{"count":4,"href":"https:\/\/transfereivissa.com\/index.php\/wp-json\/wp\/v2\/pages\/463\/revisions"}],"predecessor-version":[{"id":467,"href":"https:\/\/transfereivissa.com\/index.php\/wp-json\/wp\/v2\/pages\/463\/revisions\/467"}],"wp:attachment":[{"href":"https:\/\/transfereivissa.com\/index.php\/wp-json\/wp\/v2\/media?parent=463"}],"curies":[{"name":"wp","href":"https:\/\/api.w.org\/{rel}","templated":true}]}}