{"id":472,"date":"2025-07-14T08:48:26","date_gmt":"2025-07-14T08:48:26","guid":{"rendered":"https:\/\/transfereivissa.com\/index.php\/politica-de-privacitat\/"},"modified":"2025-07-28T20:00:34","modified_gmt":"2025-07-28T20:00:34","slug":"politica-de-privacitat","status":"publish","type":"page","link":"https:\/\/transfereivissa.com\/ca\/index.php\/politica-de-privacitat\/","title":{"rendered":"Pol\u00edtica de Privacitat"},"content":{"rendered":"\t\t<div data-elementor-type=\"wp-page\" data-elementor-id=\"472\" class=\"elementor elementor-472 elementor-91\" data-elementor-post-type=\"page\">\n\t\t\t\t<div class=\"elementor-element elementor-element-1a42c8a e-flex e-con-boxed e-con e-parent\" data-id=\"1a42c8a\" data-element_type=\"container\" data-settings=\"{&quot;background_background&quot;:&quot;classic&quot;}\">\n\t\t\t\t\t<div class=\"e-con-inner\">\n\t\t\t\t<div class=\"elementor-element elementor-element-171b2ab elementor-widget elementor-widget-heading\" data-id=\"171b2ab\" data-element_type=\"widget\" data-widget_type=\"heading.default\">\n\t\t\t\t\t<h1 class=\"elementor-heading-title elementor-size-default\">Pol\u00edtica de Privacitat<\/h1>\t\t\t\t<\/div>\n\t\t\t\t\t<\/div>\n\t\t\t\t<\/div>\n\t\t<div class=\"elementor-element elementor-element-68ca773 e-flex e-con-boxed e-con e-parent\" data-id=\"68ca773\" data-element_type=\"container\" data-settings=\"{&quot;background_background&quot;:&quot;classic&quot;}\">\n\t\t\t\t\t<div class=\"e-con-inner\">\n\t\t<div class=\"elementor-element elementor-element-ca047e2 e-con-full e-flex e-con e-child\" data-id=\"ca047e2\" data-element_type=\"container\">\n\t\t\t\t<div class=\"elementor-element elementor-element-eeba2e9 elementor-widget elementor-widget-heading\" data-id=\"eeba2e9\" data-element_type=\"widget\" data-widget_type=\"heading.default\">\n\t\t\t\t\t<h2 class=\"elementor-heading-title elementor-size-default\">1. Introducci\u00f3<\/h2>\t\t\t\t<\/div>\n\t\t\t\t<div class=\"elementor-element elementor-element-74daa8a elementor-widget elementor-widget-text-editor\" data-id=\"74daa8a\" data-element_type=\"widget\" data-widget_type=\"text-editor.default\">\n\t\t\t\t\t\t\t\t\t<p><span style=\"white-space-collapse: preserve;\">A [Nom de la P\u00e0gina Web] estem compromesos amb la protecci\u00f3 de la teva privacitat i amb el compliment de la legislaci\u00f3 vigent en mat\u00e8ria de protecci\u00f3 de dades personals. Aquesta pol\u00edtica de privacitat explica com recollim, utilitzem i protegem la informaci\u00f3 que ens proporciones a trav\u00e9s del nostre lloc web. <\/span><\/p>\t\t\t\t\t\t\t\t<\/div>\n\t\t\t\t<div class=\"elementor-element elementor-element-27bbed6 elementor-widget elementor-widget-heading\" data-id=\"27bbed6\" data-element_type=\"widget\" data-widget_type=\"heading.default\">\n\t\t\t\t\t<h2 class=\"elementor-heading-title elementor-size-default\">2. Dades que recollim<\/h2>\t\t\t\t<\/div>\n\t\t\t\t<div class=\"elementor-element elementor-element-265e085 elementor-widget elementor-widget-text-editor\" data-id=\"265e085\" data-element_type=\"widget\" data-widget_type=\"text-editor.default\">\n\t\t\t\t\t\t\t\t\t<span style=\"white-space-collapse: preserve;\">Podem recollir diferents tipus d&#8217;informaci\u00f3, entre les quals s&#8217;inclou:<\/span>\n<ul>\n<li><strong>Informaci\u00f3 de car\u00e0cter personal<\/strong> :Com el nom, l&#8217;adre\u00e7a de correu electr\u00f2nic, el n\u00famero de tel\u00e8fon i altres dades que decideixis facilitar-nos.<\/li>\n<li><strong>Dades de navegaci\u00f3<\/strong>: Informaci\u00f3 sobre la teva navegaci\u00f3 al nostre lloc, incloent l&#8217;adre\u00e7a IP, el tipus de navegador, les p\u00e0gines visitades i la data i hora de les visites.<\/li>\n<\/ul>\t\t\t\t\t\t\t\t<\/div>\n\t\t\t\t<div class=\"elementor-element elementor-element-efa00a7 elementor-widget elementor-widget-heading\" data-id=\"efa00a7\" data-element_type=\"widget\" data-widget_type=\"heading.default\">\n\t\t\t\t\t<h2 class=\"elementor-heading-title elementor-size-default\">3. Finalitat del Tractament de Dades<\/h2>\t\t\t\t<\/div>\n\t\t\t\t<div class=\"elementor-element elementor-element-991e16a elementor-widget elementor-widget-text-editor\" data-id=\"991e16a\" data-element_type=\"widget\" data-widget_type=\"text-editor.default\">\n\t\t\t\t\t\t\t\t\t<span style=\"white-space-collapse: preserve;\">Les dades personals que recollim s&#8217;utilitzen amb les seg\u00fcents finalitats:<\/span>\n\n<ul>\n \t<li>Proporcionar, mantenir i millorar els nostres serveis.\n<\/li>\n \t<li>Personalitzar l&#8217;experi\u00e8ncia de l&#8217;usuari al lloc.<\/li>\n\n<li>Enviar notificacions, actualitzacions i comunicacions relacionades amb els nostres productes o serveis, sempre que comptem amb el teu consentiment previ.<\/li>\n<li>Complir amb les obligacions legals i contractuals establertes.<\/li>\n\n<\/ul>\t\t\t\t\t\t\t\t<\/div>\n\t\t\t\t<div class=\"elementor-element elementor-element-0a68094 elementor-widget elementor-widget-heading\" data-id=\"0a68094\" data-element_type=\"widget\" data-widget_type=\"heading.default\">\n\t\t\t\t\t<h2 class=\"elementor-heading-title elementor-size-default\">4. Base Legal per al Tractament<\/h2>\t\t\t\t<\/div>\n\t\t\t\t<div class=\"elementor-element elementor-element-80443a9 elementor-widget elementor-widget-text-editor\" data-id=\"80443a9\" data-element_type=\"widget\" data-widget_type=\"text-editor.default\">\n\t\t\t\t\t\t\t\t\t<span style=\"white-space-collapse: preserve;\">El tractament de les teves dades es realitza d&#8217;acord amb el Reglament General de Protecci\u00f3 de Dades (RGPD) i les lleis nacionals corresponents, basant-se en:<\/span>\n<ul>\n \t<li>El teu consentiment expl\u00edcit.<\/li>\n \t<li>La necessitat per a l&#8217;execuci\u00f3 d&#8217;un contracte.<\/li>\n \t<li>\nEl compliment d&#8217;obligacions legals en qu\u00e8 estiguem implicats.<\/li>\n<\/ul>\t\t\t\t\t\t\t\t<\/div>\n\t\t\t\t<div class=\"elementor-element elementor-element-a955ef2 elementor-widget elementor-widget-heading\" data-id=\"a955ef2\" data-element_type=\"widget\" data-widget_type=\"heading.default\">\n\t\t\t\t\t<h2 class=\"elementor-heading-title elementor-size-default\">5. Conservaci\u00f3 de les Dades<\/h2>\t\t\t\t<\/div>\n\t\t\t\t<div class=\"elementor-element elementor-element-549cbd1 elementor-widget elementor-widget-text-editor\" data-id=\"549cbd1\" data-element_type=\"widget\" data-widget_type=\"text-editor.default\">\n\t\t\t\t\t\t\t\t\t<span style=\"white-space-collapse: preserve;\">Les teves dades es conservaran durant el temps necessari per complir amb la finalitat per a la qual han estat recollides o fins que sol\u00b7licitis la seva supressi\u00f3. Procedirem a conservar-les mentre siguin necess\u00e0ries per a la prestaci\u00f3 dels nostres serveis o en compliment d&#8217;obligacions legals. <\/span>\n\t\t\t\t\t\t\t\t<\/div>\n\t\t\t\t<div class=\"elementor-element elementor-element-121f337 elementor-widget elementor-widget-heading\" data-id=\"121f337\" data-element_type=\"widget\" data-widget_type=\"heading.default\">\n\t\t\t\t\t<h2 class=\"elementor-heading-title elementor-size-default\">6. Destinataris i Transmissions<\/h2>\t\t\t\t<\/div>\n\t\t\t\t<div class=\"elementor-element elementor-element-af83d57 elementor-widget elementor-widget-text-editor\" data-id=\"af83d57\" data-element_type=\"widget\" data-widget_type=\"text-editor.default\">\n\t\t\t\t\t\t\t\t\t<span style=\"white-space-collapse: preserve;\">Les dades personals no es compartiran amb tercers, excepte en els casos en qu\u00e8 sigui necessari per complir amb la llei, processar la petici\u00f3 o per a la prestaci\u00f3 del servei que hagis sol\u00b7licitat. En cas de transmissions internacionals, aquestes es realitzaran garantint el nivell adequat de protecci\u00f3 de les dades d&#8217;acord amb la normativa vigent. <\/span>\t\t\t\t\t\t\t\t<\/div>\n\t\t\t\t<div class=\"elementor-element elementor-element-e5d3ee6 elementor-widget elementor-widget-heading\" data-id=\"e5d3ee6\" data-element_type=\"widget\" data-widget_type=\"heading.default\">\n\t\t\t\t\t<h2 class=\"elementor-heading-title elementor-size-default\">7. Els teus Drets<\/h2>\t\t\t\t<\/div>\n\t\t\t\t<div class=\"elementor-element elementor-element-b753161 elementor-widget elementor-widget-text-editor\" data-id=\"b753161\" data-element_type=\"widget\" data-widget_type=\"text-editor.default\">\n\t\t\t\t\t\t\t\t\t<span style=\"white-space-collapse: preserve;\">Tens dret a:<\/span>\n<span style=\"white-space-collapse: preserve;\">\n<ul>\n<li>Accedir a les dades personals que hem recollit sobre tu.<\/li>\n<li>Sol\u00b7licitar la rectificaci\u00f3 de dades incorrectes o incompletes.<\/li>\n<li>Sol\u00b7licitar la supressi\u00f3 de les teves dades quan aquestes ja no siguin necess\u00e0ries o quan retiris el teu consentiment.<\/li>\n<li>Limitar o oposar-te al tractament de les teves dades.<\/li>\n<li>Sol\u00b7licitar la portabilitat de les dades en cas de ser aplicable.<\/li>\n<\/ul>\n<\/span>\n<span style=\"white-space-collapse: preserve;\">Per exercir aquests drets, si us plau, posa&#8217;t en contacte amb nosaltres a trav\u00e9s del correu electr\u00f2nic [correu@exemple.com] o utilitzant les dades de contacte proporcionades al final d&#8217;aquesta pol\u00edtica.<\/span>\t\t\t\t\t\t\t\t<\/div>\n\t\t\t\t<div class=\"elementor-element elementor-element-9f6b9b6 elementor-widget elementor-widget-heading\" data-id=\"9f6b9b6\" data-element_type=\"widget\" data-widget_type=\"heading.default\">\n\t\t\t\t\t<h2 class=\"elementor-heading-title elementor-size-default\">8. Seguretat de les Dades<\/h2>\t\t\t\t<\/div>\n\t\t\t\t<div class=\"elementor-element elementor-element-e965049 elementor-widget elementor-widget-text-editor\" data-id=\"e965049\" data-element_type=\"widget\" data-widget_type=\"text-editor.default\">\n\t\t\t\t\t\t\t\t\t<span style=\"white-space-collapse: preserve;\">Implementem les mesures t\u00e8cniques i organitzatives necess\u00e0ries per garantir la seguretat i confidencialitat de les teves dades personals, evitant-ne l&#8217;alteraci\u00f3, la p\u00e8rdua, el tractament o l&#8217;acc\u00e9s no autoritzat.\n<\/span>\n<ul>\t\t\t\t\t\t\t\t<\/div>\n\t\t\t\t<div class=\"elementor-element elementor-element-60841f6 elementor-widget elementor-widget-heading\" data-id=\"60841f6\" data-element_type=\"widget\" data-widget_type=\"heading.default\">\n\t\t\t\t\t<h2 class=\"elementor-heading-title elementor-size-default\">9. Canvis a la Pol\u00edtica de Privacitat<\/h2>\t\t\t\t<\/div>\n\t\t\t\t<div class=\"elementor-element elementor-element-02951fc elementor-widget elementor-widget-text-editor\" data-id=\"02951fc\" data-element_type=\"widget\" data-widget_type=\"text-editor.default\">\n\t\t\t\t\t\t\t\t\t<span style=\"white-space-collapse: preserve;\">Aquesta pol\u00edtica de privacitat pot ser actualitzada peri\u00f2dicament. Es recomana revisar aquesta p\u00e0gina de manera regular per estar al corrent de qualsevol modificaci\u00f3. La data de l&#8217;\u00faltima actualitzaci\u00f3 s&#8217;indicar\u00e0 a la part superior del document.  \n<\/span>\t\t\t\t\t\t\t\t<\/div>\n\t\t\t\t<div class=\"elementor-element elementor-element-e74d879 elementor-widget elementor-widget-heading\" data-id=\"e74d879\" data-element_type=\"widget\" data-widget_type=\"heading.default\">\n\t\t\t\t\t<h2 class=\"elementor-heading-title elementor-size-default\">10. Contacte<\/h2>\t\t\t\t<\/div>\n\t\t\t\t<div class=\"elementor-element elementor-element-4e45427 elementor-widget elementor-widget-text-editor\" data-id=\"4e45427\" data-element_type=\"widget\" data-widget_type=\"text-editor.default\">\n\t\t\t\t\t\t\t\t\t<span style=\"white-space-collapse: preserve;\">Si tens alguna pregunta o inquietud respecte a aquesta pol\u00edtica de privacitat o al tractament de les teves dades personals, si us plau, posa&#8217;t en contacte amb nosaltres a trav\u00e9s de:<\/span>\n\n<span style=\"white-space-collapse: preserve;\">\n[Nom del Responsable]\n[Adre\u00e7a]\n[Correu Electr\u00f2nic]\n[Tel\u00e8fon]\n<\/span>\n\n\t\t\t\t\t\t\t\t<\/div>\n\t\t\t\t<\/div>\n\t\t\t\t\t<\/div>\n\t\t\t\t<\/div>\n\t\t\t\t<\/div>\n\t\t","protected":false},"excerpt":{"rendered":"<p>Pol\u00edtica de Privacitat 1. Introducci\u00f3 A [Nom de la P\u00e0gina Web] estem compromesos amb la protecci\u00f3 de la teva privacitat i amb el compliment de la legislaci\u00f3 vigent en mat\u00e8ria de protecci\u00f3 de dades personals. Aquesta pol\u00edtica de privacitat explica com recollim, utilitzem i protegem la informaci\u00f3 que ens proporciones a trav\u00e9s del nostre lloc [&hellip;]<\/p>\n","protected":false},"author":1,"featured_media":0,"parent":0,"menu_order":0,"comment_status":"closed","ping_status":"closed","template":"","meta":{"footnotes":""},"class_list":["post-472","page","type-page","status-publish","hentry"],"_links":{"self":[{"href":"https:\/\/transfereivissa.com\/ca\/index.php\/wp-json\/wp\/v2\/pages\/472","targetHints":{"allow":["GET"]}}],"collection":[{"href":"https:\/\/transfereivissa.com\/ca\/index.php\/wp-json\/wp\/v2\/pages"}],"about":[{"href":"https:\/\/transfereivissa.com\/ca\/index.php\/wp-json\/wp\/v2\/types\/page"}],"author":[{"embeddable":true,"href":"https:\/\/transfereivissa.com\/ca\/index.php\/wp-json\/wp\/v2\/users\/1"}],"replies":[{"embeddable":true,"href":"https:\/\/transfereivissa.com\/ca\/index.php\/wp-json\/wp\/v2\/comments?post=472"}],"version-history":[{"count":1,"href":"https:\/\/transfereivissa.com\/ca\/index.php\/wp-json\/wp\/v2\/pages\/472\/revisions"}],"predecessor-version":[{"id":473,"href":"https:\/\/transfereivissa.com\/ca\/index.php\/wp-json\/wp\/v2\/pages\/472\/revisions\/473"}],"wp:attachment":[{"href":"https:\/\/transfereivissa.com\/ca\/index.php\/wp-json\/wp\/v2\/media?parent=472"}],"curies":[{"name":"wp","href":"https:\/\/api.w.org\/{rel}","templated":true}]}}