{"id":470,"date":"2025-07-28T19:07:16","date_gmt":"2025-07-28T19:07:16","guid":{"rendered":"https:\/\/transfereivissa.com\/index.php\/avis-legal\/"},"modified":"2025-07-28T19:42:53","modified_gmt":"2025-07-28T19:42:53","slug":"avis-legal","status":"publish","type":"page","link":"https:\/\/transfereivissa.com\/ca\/index.php\/avis-legal\/","title":{"rendered":"Av\u00eds Legal"},"content":{"rendered":"\t\t<div data-elementor-type=\"wp-page\" data-elementor-id=\"470\" class=\"elementor elementor-470 elementor-463\" data-elementor-post-type=\"page\">\n\t\t\t\t<div class=\"elementor-element elementor-element-15c0678 e-flex e-con-boxed e-con e-parent\" data-id=\"15c0678\" data-element_type=\"container\" data-settings=\"{&quot;background_background&quot;:&quot;classic&quot;}\">\n\t\t\t\t\t<div class=\"e-con-inner\">\n\t\t\t\t<div class=\"elementor-element elementor-element-e0a92ba elementor-widget elementor-widget-heading\" data-id=\"e0a92ba\" data-element_type=\"widget\" data-widget_type=\"heading.default\">\n\t\t\t\t\t<h1 class=\"elementor-heading-title elementor-size-default\">Av\u00eds Legal<\/h1>\t\t\t\t<\/div>\n\t\t\t\t\t<\/div>\n\t\t\t\t<\/div>\n\t\t<div class=\"elementor-element elementor-element-4a93480 e-flex e-con-boxed e-con e-parent\" data-id=\"4a93480\" data-element_type=\"container\" data-settings=\"{&quot;background_background&quot;:&quot;classic&quot;}\">\n\t\t\t\t\t<div class=\"e-con-inner\">\n\t\t<div class=\"elementor-element elementor-element-581d737 e-con-full e-flex e-con e-child\" data-id=\"581d737\" data-element_type=\"container\">\n\t\t\t\t<div class=\"elementor-element elementor-element-c11c99a elementor-widget elementor-widget-heading\" data-id=\"c11c99a\" data-element_type=\"widget\" data-widget_type=\"heading.default\">\n\t\t\t\t\t<h2 class=\"elementor-heading-title elementor-size-default\">1. Identitat i Titularitat<\/h2>\t\t\t\t<\/div>\n\t\t\t\t<div class=\"elementor-element elementor-element-ec772ee elementor-widget elementor-widget-text-editor\" data-id=\"ec772ee\" data-element_type=\"widget\" data-widget_type=\"text-editor.default\">\n\t\t\t\t\t\t\t\t\t<span style=\"white-space-collapse: preserve;\">El present av\u00eds legal regula l&#8217;acc\u00e9s i l&#8217;\u00fas del lloc web [Nom de la P\u00e0gina Web] (d&#8217;ara endavant, &#8220;el Lloc&#8221;), la titularitat del qual correspon a:\n[Nom de l&#8217;Empresa \/ Aut\u00f2nom]\nAdre\u00e7a: [Adre\u00e7a completa]\nCIF\/NIF: [N\u00famero d&#8217;identificaci\u00f3]\nCorreu Electr\u00f2nic: [correu@exemple.com]\n\n<\/span>\t\t\t\t\t\t\t\t<\/div>\n\t\t\t\t<div class=\"elementor-element elementor-element-c52f97d elementor-widget elementor-widget-heading\" data-id=\"c52f97d\" data-element_type=\"widget\" data-widget_type=\"heading.default\">\n\t\t\t\t\t<h2 class=\"elementor-heading-title elementor-size-default\">2. Objecte<\/h2>\t\t\t\t<\/div>\n\t\t\t\t<div class=\"elementor-element elementor-element-254f881 elementor-widget elementor-widget-text-editor\" data-id=\"254f881\" data-element_type=\"widget\" data-widget_type=\"text-editor.default\">\n\t\t\t\t\t\t\t\t\t<span style=\"white-space-collapse: preserve;\">El Lloc t\u00e9 com a finalitat oferir informaci\u00f3 i serveis relacionats amb [descriure breument l&#8217;activitat o sector]. Per tant, els usuaris es comprometen a utilitzar el Lloc, exclusivament, amb fins l\u00edcits i d&#8217;acord amb la normativa vigent i amb el que es estipula en aquest Av\u00eds Legal.<\/span>\t\t\t\t\t\t\t\t<\/div>\n\t\t\t\t<div class=\"elementor-element elementor-element-7729b12 elementor-widget elementor-widget-heading\" data-id=\"7729b12\" data-element_type=\"widget\" data-widget_type=\"heading.default\">\n\t\t\t\t\t<h2 class=\"elementor-heading-title elementor-size-default\">3. Propietat Intel\u00b7lectual i Industrial<\/h2>\t\t\t\t<\/div>\n\t\t\t\t<div class=\"elementor-element elementor-element-f341db4 elementor-widget elementor-widget-text-editor\" data-id=\"f341db4\" data-element_type=\"widget\" data-widget_type=\"text-editor.default\">\n\t\t\t\t\t\t\t\t\t<span style=\"white-space-collapse: preserve;\">Tots els continguts del Lloc, incloent, per\u00f2 no limitant-se a, textos, documents, fotografies, dibuixos, representacions gr\u00e0fiques, bases de dades, logotips, marques, noms comercials i qualsevol altre signe susceptible d&#8217;utilitzaci\u00f3 industrial i comercial, s\u00f3n titularitat de [Nom de l&#8217;Empresa \/ Aut\u00f2nom] o de tercers que han autoritzat el seu \u00fas. Queda estrictament prohibit reproduir, distribuir, comunicar p\u00fablicament o transformar aquests continguts sense l&#8217;autoritzaci\u00f3 pr\u00e8via i per escrit dels seus respectius propietaris.\n\n<\/span>\t\t\t\t\t\t\t\t<\/div>\n\t\t\t\t<div class=\"elementor-element elementor-element-43fddf8 elementor-widget elementor-widget-heading\" data-id=\"43fddf8\" data-element_type=\"widget\" data-widget_type=\"heading.default\">\n\t\t\t\t\t<h2 class=\"elementor-heading-title elementor-size-default\">4. Responsabilitat<\/h2>\t\t\t\t<\/div>\n\t\t\t\t<div class=\"elementor-element elementor-element-27bc7b2 elementor-widget elementor-widget-text-editor\" data-id=\"27bc7b2\" data-element_type=\"widget\" data-widget_type=\"text-editor.default\">\n\t\t\t\t\t\t\t\t\t<span style=\"white-space-collapse: preserve;\">[Nom de l&#8217;Empresa \/ Aut\u00f2nom] no es fa responsable dels errors o omissions, dels continguts del Lloc o d&#8217;altres continguts als quals es pugui accedir a trav\u00e9s d&#8217;aquest, ni dels danys derivats de l&#8217;\u00fas del Lloc, ni per qualsevol actuaci\u00f3 realitzada en base a la informaci\u00f3 aqu\u00ed obtinguda. Aix\u00ed mateix, no es responsabilitza de la correcta o incorrecta utilitzaci\u00f3 o interpretaci\u00f3 de la informaci\u00f3 continguda al Lloc per part dels usuaris.<\/span>\n\t\t\t\t\t\t\t\t<\/div>\n\t\t\t\t<div class=\"elementor-element elementor-element-b01a6ba elementor-widget elementor-widget-heading\" data-id=\"b01a6ba\" data-element_type=\"widget\" data-widget_type=\"heading.default\">\n\t\t\t\t\t<h2 class=\"elementor-heading-title elementor-size-default\">5. Acc\u00e9s i Disponibilitat<\/h2>\t\t\t\t<\/div>\n\t\t\t\t<div class=\"elementor-element elementor-element-e4f792e elementor-widget elementor-widget-text-editor\" data-id=\"e4f792e\" data-element_type=\"widget\" data-widget_type=\"text-editor.default\">\n\t\t\t\t\t\t\t\t\t<span style=\"white-space-collapse: preserve;\">[Nom de l&#8217;Empresa \/ Aut\u00f2nom] es reserva el dret d&#8217;interrompre, suspendre, restringir, modificar o cancel\u00b7lar qualsevol part o la totalitat del Lloc, de manera temporal o definitiva, sense previ av\u00eds. Aix\u00ed mateix, no es garanteix la correcta o ininterrompuda disponibilitat del Lloc, at\u00e8s que aquesta pot veure&#8217;s compromesa per causes alienes a la voluntat del seu titular, com ara fallades en la connexi\u00f3 a Internet, problemes t\u00e8cnics, manteniments o actualitzacions.\n\n<\/span>\t\t\t\t\t\t\t\t<\/div>\n\t\t\t\t<div class=\"elementor-element elementor-element-9da5d59 elementor-widget elementor-widget-heading\" data-id=\"9da5d59\" data-element_type=\"widget\" data-widget_type=\"heading.default\">\n\t\t\t\t\t<h2 class=\"elementor-heading-title elementor-size-default\">6. Protecci\u00f3 de Dades<\/h2>\t\t\t\t<\/div>\n\t\t\t\t<div class=\"elementor-element elementor-element-179db0d elementor-widget elementor-widget-text-editor\" data-id=\"179db0d\" data-element_type=\"widget\" data-widget_type=\"text-editor.default\">\n\t\t\t\t\t\t\t\t\t<span style=\"white-space-collapse: preserve;\">L&#8217;acc\u00e9s i l&#8217;\u00fas del Lloc impliquen l&#8217;acceptaci\u00f3 de la nostra Pol\u00edtica de Privacitat, en la qual es recull tota la informaci\u00f3 relativa al tractament de dades personals dels usuaris. Per consultar aquests termes, si us plau, fes clic a [enlla\u00e7 a la Pol\u00edtica de Privacitat].<\/span>\t\t\t\t\t\t\t\t<\/div>\n\t\t\t\t<div class=\"elementor-element elementor-element-a9d24e4 elementor-widget elementor-widget-heading\" data-id=\"a9d24e4\" data-element_type=\"widget\" data-widget_type=\"heading.default\">\n\t\t\t\t\t<h2 class=\"elementor-heading-title elementor-size-default\">7. Legislaci\u00f3 i Jurisdicci\u00f3<\/h2>\t\t\t\t<\/div>\n\t\t\t\t<div class=\"elementor-element elementor-element-f74d689 elementor-widget elementor-widget-text-editor\" data-id=\"f74d689\" data-element_type=\"widget\" data-widget_type=\"text-editor.default\">\n\t\t\t\t\t\t\t\t\t<span style=\"white-space-collapse: preserve;\">El present Av\u00eds Legal es regeix en tots i cadascun dels seus aspectes per la legislaci\u00f3 vigent a Espanya. ParPer a la resoluci\u00f3 de qualsevol controv\u00e8rsia o conflicte que pogu\u00e9s derivar-se de l&#8217;acc\u00e9s o l&#8217;\u00fas del Lloc, ser\u00e0 d&#8217;aplicaci\u00f3 la jurisdicci\u00f3 dels Jutjats i Tribunals del domicili del titular, excepte aquells casos en qu\u00e8 la llei estableixi un altre fu.<\/span>\n\t\t\t\t\t\t\t\t<\/div>\n\t\t\t\t<div class=\"elementor-element elementor-element-7ec7aa4 elementor-widget elementor-widget-heading\" data-id=\"7ec7aa4\" data-element_type=\"widget\" data-widget_type=\"heading.default\">\n\t\t\t\t\t<h2 class=\"elementor-heading-title elementor-size-default\">8. Modificacions<\/h2>\t\t\t\t<\/div>\n\t\t\t\t<div class=\"elementor-element elementor-element-500b5bb elementor-widget elementor-widget-text-editor\" data-id=\"500b5bb\" data-element_type=\"widget\" data-widget_type=\"text-editor.default\">\n\t\t\t\t\t\t\t\t\t<span style=\"white-space-collapse: preserve;\">[Nom de l&#8217;Empresa \/ Aut\u00f2nom] es reserva el dret de modificar, actualitzar o eliminar, en qualsevol moment i sense previ av\u00eds, el contingut d&#8217;aquest Av\u00eds Legal. Es recomana als usuaris consultar amb regularitat la versi\u00f3 m\u00e9s recent de l&#8217;Av\u00eds Legal per estar al corrent d&#8217;aquestes possibles modificacions.\n<\/span>\t\t\t\t\t\t\t\t<\/div>\n\t\t\t\t<\/div>\n\t\t\t\t\t<\/div>\n\t\t\t\t<\/div>\n\t\t\t\t<\/div>\n\t\t","protected":false},"excerpt":{"rendered":"<p>Av\u00eds Legal 1. Identitat i Titularitat El present av\u00eds legal regula l&#8217;acc\u00e9s i l&#8217;\u00fas del lloc web [Nom de la P\u00e0gina Web] (d&#8217;ara endavant, &#8220;el Lloc&#8221;), la titularitat del qual correspon a: [Nom de l&#8217;Empresa \/ Aut\u00f2nom] Adre\u00e7a: [Adre\u00e7a completa] CIF\/NIF: [N\u00famero d&#8217;identificaci\u00f3] Correu Electr\u00f2nic: [correu@exemple.com] 2. Objecte El Lloc t\u00e9 com a finalitat oferir [&hellip;]<\/p>\n","protected":false},"author":1,"featured_media":0,"parent":0,"menu_order":0,"comment_status":"closed","ping_status":"closed","template":"","meta":{"footnotes":""},"class_list":["post-470","page","type-page","status-publish","hentry"],"_links":{"self":[{"href":"https:\/\/transfereivissa.com\/ca\/index.php\/wp-json\/wp\/v2\/pages\/470","targetHints":{"allow":["GET"]}}],"collection":[{"href":"https:\/\/transfereivissa.com\/ca\/index.php\/wp-json\/wp\/v2\/pages"}],"about":[{"href":"https:\/\/transfereivissa.com\/ca\/index.php\/wp-json\/wp\/v2\/types\/page"}],"author":[{"embeddable":true,"href":"https:\/\/transfereivissa.com\/ca\/index.php\/wp-json\/wp\/v2\/users\/1"}],"replies":[{"embeddable":true,"href":"https:\/\/transfereivissa.com\/ca\/index.php\/wp-json\/wp\/v2\/comments?post=470"}],"version-history":[{"count":1,"href":"https:\/\/transfereivissa.com\/ca\/index.php\/wp-json\/wp\/v2\/pages\/470\/revisions"}],"predecessor-version":[{"id":471,"href":"https:\/\/transfereivissa.com\/ca\/index.php\/wp-json\/wp\/v2\/pages\/470\/revisions\/471"}],"wp:attachment":[{"href":"https:\/\/transfereivissa.com\/ca\/index.php\/wp-json\/wp\/v2\/media?parent=470"}],"curies":[{"name":"wp","href":"https:\/\/api.w.org\/{rel}","templated":true}]}}